{"id":2,"date":"2014-03-21T10:19:54","date_gmt":"2014-03-21T10:19:54","guid":{"rendered":"http:\/\/www.bilten.org\/?page_id=2"},"modified":"2025-01-05T22:30:47","modified_gmt":"2025-01-05T21:30:47","slug":"impressum","status":"publish","type":"page","link":"https:\/\/www.bilten.org\/?page_id=2","title":{"rendered":"Impressum"},"content":{"rendered":"\n<p><b>Bilten \u2013 regionalni portal<\/b><br><b>Nakladnik<\/b>: Udru\u017eenje za medijsku demokraciju,<br>Ljudevita Posavskog 36, 10 000 Zagreb<br><strong>OIB<\/strong>: 36024866487<br><strong>MBS<\/strong>: 4162986<br><strong>ISSN<\/strong>: 1849-3610<br><b>Kontakt uredni\u0161tva<\/b>:\u00a0info (at) bilten.org<br><strong>Uredni\u0161tvo<\/strong>: \u00a0Dora Leva\u010di\u0107, Jakov Kolak, Tea Radovi\u0107<br><b>Administratorica projekta<\/b>: Nika Vujevi\u0107<b><br>Fotografija<\/b>: AFP<br><b>Vizualni identitet<\/b>: <a href=\"http:\/\/www.hrvojezivcic.com\">Hrvoje \u017div\u010di\u0107<\/a><br><b>Dizajn i izrada portala<\/b>: <a aria-label=\"Slobodna domena, zadruga za otvoreni kod i dizajn (opens in a new tab)\" href=\"https:\/\/slobodnadomena.hr\/\" target=\"_blank\" rel=\"noreferrer noopener\">Slobodna domena, zadruga za otvoreni kod i dizajn<\/a><br><b>Projekt financi<\/b><strong><b>r<\/b>aju<\/strong>: <a href=\"http:\/\/www.rosalux.rs\/\" target=\"_blank\" rel=\"noopener noreferrer\">Rosa Luxemburg Stiftung Southeast Europe<\/a>\u00a0sredstvima\u00a0Ministarstva vanjskih poslova Savezne Republike Njema\u010dke i Agencija za elektroni\u010dke medije <br><b>Creative Commons <\/b>(<a href=\"http:\/\/creativecommons.org\/licenses\/by-sa\/3.0\/hr\/\">CC-BY-SA 3.0<\/a>)<br>* Stavovi izneseni u pojedinim tekstovima ne predstavljaju nu\u017eno stavove uredni\u0161tva niti Rosa Luxemburg Stiftunga.<\/p>\n\n\n\n<p><strong>Financijski izvje\u0161taji<\/strong><\/p>\n\n\n\n<ul class=\"wp-block-list\">\n<li><a rel=\"noreferrer noopener\" href=\"https:\/\/www.bilten.org\/wp-content\/uploads\/2020\/07\/UMD-12-2019.pdf\" target=\"_blank\">Udru\u017eenje za medijsku demokraciju: financijski izvje\u0161taj za 2019. godinu<\/a><\/li>\n\n\n\n<li><a rel=\"noopener noreferrer\" href=\"https:\/\/www.bilten.org\/wp-content\/uploads\/2019\/03\/UMD-12-2018.pdf\" target=\"_blank\">Udru\u017eenje za medijsku demokraciju: financijski izvje\u0161taj za 2018. godinu.<\/a><\/li>\n\n\n\n<li><a rel=\"noopener noreferrer\" href=\"http:\/\/www.bilten.org\/wp-content\/uploads\/2018\/04\/UMD-12-2017.pdf\" target=\"_blank\">Udru\u017eenje za medijsku demokraciju: financijski izvje\u0161taj za 2017. godinu.<\/a><\/li>\n\n\n\n<li><a rel=\"noopener noreferrer\" href=\"http:\/\/www.bilten.org\/wp-content\/uploads\/2017\/03\/UMD-12-2016.pdf\" target=\"_blank\">Udru\u017eenje za medijsku demokraciju: financijski izvje\u0161taj za 2016. godinu.<\/a><\/li>\n\n\n\n<li><a rel=\"noopener noreferrer\" href=\"http:\/\/www.bilten.org\/wp-content\/uploads\/2017\/03\/UMD-12-2015.xls\" target=\"_blank\">Udru\u017eenje za medijsku demokraciju: financijski izvje\u0161taj za 2015. godinu.<\/a><\/li>\n\n\n\n<li><a rel=\"noopener noreferrer\" href=\"http:\/\/www.bilten.org\/wp-content\/uploads\/2017\/03\/UMD-12-2014-.xls\" target=\"_blank\">Udru\u017eenje za medijsku demokraciju: financijski izvje\u0161taj za 2014. godinu.<\/a><\/li>\n<\/ul>\n\n\n\n<figure class=\"wp-block-image size-full\"><a href=\"https:\/\/www.bilten.org\/wp-content\/uploads\/2024\/07\/logo.jpg\"><img loading=\"lazy\" decoding=\"async\" width=\"517\" height=\"91\" src=\"https:\/\/www.bilten.org\/wp-content\/uploads\/2024\/07\/logo.jpg\" alt=\"\" class=\"wp-image-47337\" srcset=\"https:\/\/www.bilten.org\/wp-content\/uploads\/2024\/07\/logo.jpg 517w, https:\/\/www.bilten.org\/wp-content\/uploads\/2024\/07\/logo-300x53.jpg 300w\" sizes=\"auto, (max-width: 517px) 100vw, 517px\" \/><\/a><\/figure>\n\n\n\n<p><br><\/p>\n","protected":false},"excerpt":{"rendered":"<p>Bilten \u2013 regionalni portalNakladnik: Udru\u017eenje za medijsku demokraciju,Ljudevita Posavskog 36, 10 000 ZagrebOIB: 36024866487MBS: 4162986ISSN: 1849-3610Kontakt uredni\u0161tva:\u00a0info (at) bilten.orgUredni\u0161tvo: \u00a0Dora Leva\u010di\u0107, Jakov Kolak, Tea Radovi\u0107Administratorica projekta: Nika Vujevi\u0107Fotografija: AFPVizualni identitet: Hrvoje \u017div\u010di\u0107Dizajn i izrada portala: Slobodna domena, zadruga za otvoreni kod i dizajnProjekt financiraju: Rosa Luxemburg Stiftung Southeast Europe\u00a0sredstvima\u00a0Ministarstva vanjskih poslova Savezne Republike Njema\u010dke i [&hellip;]<\/p>\n","protected":false},"author":7,"featured_media":0,"parent":0,"menu_order":0,"comment_status":"open","ping_status":"closed","template":"","meta":{"footnotes":""},"coauthors":[16],"class_list":["post-2","page","type-page","status-publish","hentry"],"_links":{"self":[{"href":"https:\/\/www.bilten.org\/index.php?rest_route=\/wp\/v2\/pages\/2","targetHints":{"allow":["GET"]}}],"collection":[{"href":"https:\/\/www.bilten.org\/index.php?rest_route=\/wp\/v2\/pages"}],"about":[{"href":"https:\/\/www.bilten.org\/index.php?rest_route=\/wp\/v2\/types\/page"}],"author":[{"embeddable":true,"href":"https:\/\/www.bilten.org\/index.php?rest_route=\/wp\/v2\/users\/7"}],"replies":[{"embeddable":true,"href":"https:\/\/www.bilten.org\/index.php?rest_route=%2Fwp%2Fv2%2Fcomments&post=2"}],"version-history":[{"count":19,"href":"https:\/\/www.bilten.org\/index.php?rest_route=\/wp\/v2\/pages\/2\/revisions"}],"predecessor-version":[{"id":47917,"href":"https:\/\/www.bilten.org\/index.php?rest_route=\/wp\/v2\/pages\/2\/revisions\/47917"}],"wp:attachment":[{"href":"https:\/\/www.bilten.org\/index.php?rest_route=%2Fwp%2Fv2%2Fmedia&parent=2"}],"wp:term":[{"taxonomy":"author","embeddable":true,"href":"https:\/\/www.bilten.org\/index.php?rest_route=%2Fwp%2Fv2%2Fcoauthors&post=2"}],"curies":[{"name":"wp","href":"https:\/\/api.w.org\/{rel}","templated":true}]}}